{"id":144,"date":"2023-02-27T23:52:24","date_gmt":"2023-02-27T23:52:24","guid":{"rendered":"https:\/\/artbyfink.dk\/?page_id=144"},"modified":"2024-08-27T08:30:53","modified_gmt":"2024-08-27T08:30:53","slug":"udstillinger","status":"publish","type":"page","link":"https:\/\/artbyfink.dk\/index.php\/udstillinger\/","title":{"rendered":"UDSTILLINGER"},"content":{"rendered":"\n<div class=\"wp-block-columns is-layout-flex wp-container-core-columns-is-layout-9d6595d7 wp-block-columns-is-layout-flex\">\n<div class=\"wp-block-column is-layout-flow wp-block-column-is-layout-flow\">\n<p>UDSTILLINGERKALENDEREN<\/p>\n\n\n\n<div class=\"wp-block-columns is-layout-flex wp-container-core-columns-is-layout-9d6595d7 wp-block-columns-is-layout-flex\">\n<div class=\"wp-block-column is-layout-flow wp-block-column-is-layout-flow\">\n<figure class=\"wp-block-image size-large\"><img loading=\"lazy\" decoding=\"async\" width=\"768\" height=\"1024\" src=\"https:\/\/artbyfink.dk\/wp-content\/uploads\/2024\/08\/456443877_2675389512638812_2345704672686662728_n-768x1024.jpg\" alt=\"\" class=\"wp-image-881\" srcset=\"https:\/\/artbyfink.dk\/wp-content\/uploads\/2024\/08\/456443877_2675389512638812_2345704672686662728_n-768x1024.jpg 768w, https:\/\/artbyfink.dk\/wp-content\/uploads\/2024\/08\/456443877_2675389512638812_2345704672686662728_n-225x300.jpg 225w, https:\/\/artbyfink.dk\/wp-content\/uploads\/2024\/08\/456443877_2675389512638812_2345704672686662728_n.jpg 960w\" sizes=\"auto, (max-width: 768px) 100vw, 768px\" \/><\/figure>\n<\/div>\n\n\n\n<div class=\"wp-block-column is-layout-flow wp-block-column-is-layout-flow\">\n<figure class=\"wp-block-image size-full\"><img loading=\"lazy\" decoding=\"async\" width=\"960\" height=\"723\" src=\"https:\/\/artbyfink.dk\/wp-content\/uploads\/2024\/08\/456307235_2675389359305494_6210281991414679510_n.jpg\" alt=\"\" class=\"wp-image-883\" srcset=\"https:\/\/artbyfink.dk\/wp-content\/uploads\/2024\/08\/456307235_2675389359305494_6210281991414679510_n.jpg 960w, https:\/\/artbyfink.dk\/wp-content\/uploads\/2024\/08\/456307235_2675389359305494_6210281991414679510_n-300x226.jpg 300w, https:\/\/artbyfink.dk\/wp-content\/uploads\/2024\/08\/456307235_2675389359305494_6210281991414679510_n-768x578.jpg 768w\" sizes=\"auto, (max-width: 960px) 100vw, 960px\" \/><\/figure>\n<\/div>\n\n\n\n<div class=\"wp-block-column is-layout-flow wp-block-column-is-layout-flow\">\n<figure class=\"wp-block-image size-large\"><img loading=\"lazy\" decoding=\"async\" width=\"768\" height=\"1024\" src=\"https:\/\/artbyfink.dk\/wp-content\/uploads\/2024\/08\/FB6CF58A-71E5-4938-8AAA-DD219D20AA15-768x1024.jpg\" alt=\"\" class=\"wp-image-866\" srcset=\"https:\/\/artbyfink.dk\/wp-content\/uploads\/2024\/08\/FB6CF58A-71E5-4938-8AAA-DD219D20AA15-768x1024.jpg 768w, https:\/\/artbyfink.dk\/wp-content\/uploads\/2024\/08\/FB6CF58A-71E5-4938-8AAA-DD219D20AA15-225x300.jpg 225w, https:\/\/artbyfink.dk\/wp-content\/uploads\/2024\/08\/FB6CF58A-71E5-4938-8AAA-DD219D20AA15-1152x1536.jpg 1152w, https:\/\/artbyfink.dk\/wp-content\/uploads\/2024\/08\/FB6CF58A-71E5-4938-8AAA-DD219D20AA15.jpg 1500w\" sizes=\"auto, (max-width: 768px) 100vw, 768px\" \/><\/figure>\n<\/div>\n<\/div>\n<\/div>\n<\/div>\n\n\n\n<div class=\"wp-block-columns is-layout-flex wp-container-core-columns-is-layout-9d6595d7 wp-block-columns-is-layout-flex\">\n<div class=\"wp-block-column is-layout-flow wp-block-column-is-layout-flow\">\n<h2 class=\"wp-block-heading\">Udstillinger (uddrag)<\/h2>\n\n\n\n<p>Kunstforeningen S\u00f8nderhald<br>Kulturhuset, Randers<br>Hellig\u00e5ndshuset, Randers<br>Guden\u00e5centret, Randers<br>Galleri Grevelsgaard, Fausing<br>Cencurfri, Randers<br>Kulturperronen, Auning<br>Gl. Estrup slot, Auning<br>Kunstmesse \u00c5rs<br>Randers Kunsthus<br>RAW \u2013 Randers Art Week<\/p>\n\n\n\n<p>Har medvirket i:<\/p>\n\n\n\n<p>Tv program kaldet \u201d Hallo Norden\u201d et nordisk program om kunstnere i norden<\/p>\n\n\n\n<p>G\u00e6stekunstner i \u00d8stjyllands TV<\/p>\n\n\n\n<p>Silkeborg tv har lavet 2 programmer om hendes kunst kaldet \u201dDet gyldne snit\u201d Anne-Marie Fink p\u00e5 YouTube<\/p>\n\n\n\n<p>Medieskolen i Viborg har lavet en kortfilm kaldet \u201dkunstnerportr\u00e6t\u201d Anne-Marie Fink p\u00e5 YouTube<\/p>\n<\/div>\n\n\n\n<div class=\"wp-block-column is-layout-flow wp-block-column-is-layout-flow\">\n<figure class=\"wp-block-gallery has-nested-images columns-2 is-cropped wp-block-gallery-1 is-layout-flex wp-block-gallery-is-layout-flex\">\n<figure class=\"wp-block-image size-large\"><img loading=\"lazy\" decoding=\"async\" width=\"206\" height=\"206\" data-id=\"386\" src=\"https:\/\/artbyfink.dk\/wp-content\/uploads\/2023\/03\/244801359_1908861702624934_4772026456463096489_n.jpg\" alt=\"\" class=\"wp-image-386\" srcset=\"https:\/\/artbyfink.dk\/wp-content\/uploads\/2023\/03\/244801359_1908861702624934_4772026456463096489_n.jpg 206w, https:\/\/artbyfink.dk\/wp-content\/uploads\/2023\/03\/244801359_1908861702624934_4772026456463096489_n-150x150.jpg 150w\" sizes=\"auto, (max-width: 206px) 100vw, 206px\" \/><\/figure>\n\n\n\n<figure class=\"wp-block-image size-large\"><img decoding=\"async\" data-id=\"385\" src=\"https:\/\/artbyfink.dk\/wp-content\/uploads\/2023\/03\/242397039_1893808184130286_4873643482914259883_n.jpg\" alt=\"\" class=\"wp-image-385\"\/><\/figure>\n\n\n\n<figure class=\"wp-block-image size-large\"><img loading=\"lazy\" decoding=\"async\" width=\"206\" height=\"206\" data-id=\"384\" src=\"https:\/\/artbyfink.dk\/wp-content\/uploads\/2023\/03\/242374050_1894707960706975_2681313133117532826_n.jpg\" alt=\"\" class=\"wp-image-384\" srcset=\"https:\/\/artbyfink.dk\/wp-content\/uploads\/2023\/03\/242374050_1894707960706975_2681313133117532826_n.jpg 206w, https:\/\/artbyfink.dk\/wp-content\/uploads\/2023\/03\/242374050_1894707960706975_2681313133117532826_n-150x150.jpg 150w\" sizes=\"auto, (max-width: 206px) 100vw, 206px\" \/><\/figure>\n\n\n\n<figure class=\"wp-block-image size-large\"><img loading=\"lazy\" decoding=\"async\" width=\"206\" height=\"206\" data-id=\"383\" src=\"https:\/\/artbyfink.dk\/wp-content\/uploads\/2023\/03\/242371681_1894708014040303_2869677292249068671_n.jpg\" alt=\"\" class=\"wp-image-383\" srcset=\"https:\/\/artbyfink.dk\/wp-content\/uploads\/2023\/03\/242371681_1894708014040303_2869677292249068671_n.jpg 206w, https:\/\/artbyfink.dk\/wp-content\/uploads\/2023\/03\/242371681_1894708014040303_2869677292249068671_n-150x150.jpg 150w\" sizes=\"auto, (max-width: 206px) 100vw, 206px\" \/><\/figure>\n\n\n\n<figure class=\"wp-block-image size-large\"><img loading=\"lazy\" decoding=\"async\" width=\"206\" height=\"206\" data-id=\"377\" src=\"https:\/\/artbyfink.dk\/wp-content\/uploads\/2023\/03\/78684658_1348677315310045_2580568930149990400_n.jpg\" alt=\"\" class=\"wp-image-377\" srcset=\"https:\/\/artbyfink.dk\/wp-content\/uploads\/2023\/03\/78684658_1348677315310045_2580568930149990400_n.jpg 206w, https:\/\/artbyfink.dk\/wp-content\/uploads\/2023\/03\/78684658_1348677315310045_2580568930149990400_n-150x150.jpg 150w\" sizes=\"auto, (max-width: 206px) 100vw, 206px\" \/><\/figure>\n\n\n\n<figure class=\"wp-block-image size-large\"><img loading=\"lazy\" decoding=\"async\" width=\"206\" height=\"206\" data-id=\"378\" src=\"https:\/\/artbyfink.dk\/wp-content\/uploads\/2023\/03\/313440233_2217066695137765_5161907640167310442_n.jpg\" alt=\"\" class=\"wp-image-378\" srcset=\"https:\/\/artbyfink.dk\/wp-content\/uploads\/2023\/03\/313440233_2217066695137765_5161907640167310442_n.jpg 206w, https:\/\/artbyfink.dk\/wp-content\/uploads\/2023\/03\/313440233_2217066695137765_5161907640167310442_n-150x150.jpg 150w\" sizes=\"auto, (max-width: 206px) 100vw, 206px\" \/><\/figure>\n\n\n\n<figure class=\"wp-block-image size-large\"><img loading=\"lazy\" decoding=\"async\" width=\"206\" height=\"206\" data-id=\"379\" src=\"https:\/\/artbyfink.dk\/wp-content\/uploads\/2023\/03\/244801359_1908861702624934_4772026456463096489_n-1.jpg\" alt=\"\" class=\"wp-image-379\" srcset=\"https:\/\/artbyfink.dk\/wp-content\/uploads\/2023\/03\/244801359_1908861702624934_4772026456463096489_n-1.jpg 206w, https:\/\/artbyfink.dk\/wp-content\/uploads\/2023\/03\/244801359_1908861702624934_4772026456463096489_n-1-150x150.jpg 150w\" sizes=\"auto, (max-width: 206px) 100vw, 206px\" \/><\/figure>\n\n\n\n<figure class=\"wp-block-image size-large\"><img loading=\"lazy\" decoding=\"async\" width=\"206\" height=\"206\" data-id=\"380\" src=\"https:\/\/artbyfink.dk\/wp-content\/uploads\/2023\/03\/244965523_1908861642624940_7577597145065000678_n.jpg\" alt=\"\" class=\"wp-image-380\" srcset=\"https:\/\/artbyfink.dk\/wp-content\/uploads\/2023\/03\/244965523_1908861642624940_7577597145065000678_n.jpg 206w, https:\/\/artbyfink.dk\/wp-content\/uploads\/2023\/03\/244965523_1908861642624940_7577597145065000678_n-150x150.jpg 150w\" sizes=\"auto, (max-width: 206px) 100vw, 206px\" \/><\/figure>\n\n\n\n<figure class=\"wp-block-image size-large\"><img loading=\"lazy\" decoding=\"async\" width=\"206\" height=\"206\" data-id=\"381\" src=\"https:\/\/artbyfink.dk\/wp-content\/uploads\/2023\/03\/315114017_2217066645137770_5338360419920127594_n.jpg\" alt=\"\" class=\"wp-image-381\" srcset=\"https:\/\/artbyfink.dk\/wp-content\/uploads\/2023\/03\/315114017_2217066645137770_5338360419920127594_n.jpg 206w, https:\/\/artbyfink.dk\/wp-content\/uploads\/2023\/03\/315114017_2217066645137770_5338360419920127594_n-150x150.jpg 150w\" sizes=\"auto, (max-width: 206px) 100vw, 206px\" \/><\/figure>\n\n\n\n<figure class=\"wp-block-image size-large\"><img loading=\"lazy\" decoding=\"async\" width=\"206\" height=\"206\" data-id=\"376\" src=\"https:\/\/artbyfink.dk\/wp-content\/uploads\/2023\/03\/78529859_1348677271976716_7565930696900870144_n.jpg\" alt=\"\" class=\"wp-image-376\" srcset=\"https:\/\/artbyfink.dk\/wp-content\/uploads\/2023\/03\/78529859_1348677271976716_7565930696900870144_n.jpg 206w, https:\/\/artbyfink.dk\/wp-content\/uploads\/2023\/03\/78529859_1348677271976716_7565930696900870144_n-150x150.jpg 150w\" sizes=\"auto, (max-width: 206px) 100vw, 206px\" \/><\/figure>\n<\/figure>\n<\/div>\n<\/div>\n\n\n\n<h2 class=\"wp-block-heading\"><\/h2>\n\n\n\n<figure class=\"wp-block-gallery has-nested-images columns-default is-cropped wp-block-gallery-2 is-layout-flex wp-block-gallery-is-layout-flex\">\n<figure class=\"wp-block-image size-large\"><img loading=\"lazy\" decoding=\"async\" width=\"768\" height=\"1024\" data-id=\"557\" src=\"https:\/\/artbyfink.dk\/wp-content\/uploads\/2023\/03\/336055246_3498214927127549_7379406221802799398_n-768x1024.jpg\" alt=\"\" class=\"wp-image-557\" srcset=\"https:\/\/artbyfink.dk\/wp-content\/uploads\/2023\/03\/336055246_3498214927127549_7379406221802799398_n-768x1024.jpg 768w, https:\/\/artbyfink.dk\/wp-content\/uploads\/2023\/03\/336055246_3498214927127549_7379406221802799398_n-225x300.jpg 225w, https:\/\/artbyfink.dk\/wp-content\/uploads\/2023\/03\/336055246_3498214927127549_7379406221802799398_n-1152x1536.jpg 1152w, https:\/\/artbyfink.dk\/wp-content\/uploads\/2023\/03\/336055246_3498214927127549_7379406221802799398_n.jpg 1536w\" sizes=\"auto, (max-width: 768px) 100vw, 768px\" \/><\/figure>\n\n\n\n<figure class=\"wp-block-image size-large\"><img loading=\"lazy\" decoding=\"async\" width=\"768\" height=\"1024\" data-id=\"558\" src=\"https:\/\/artbyfink.dk\/wp-content\/uploads\/2023\/03\/336099686_174288431629405_2285172045042816778_n-768x1024.jpg\" alt=\"\" class=\"wp-image-558\" srcset=\"https:\/\/artbyfink.dk\/wp-content\/uploads\/2023\/03\/336099686_174288431629405_2285172045042816778_n-768x1024.jpg 768w, https:\/\/artbyfink.dk\/wp-content\/uploads\/2023\/03\/336099686_174288431629405_2285172045042816778_n-225x300.jpg 225w, https:\/\/artbyfink.dk\/wp-content\/uploads\/2023\/03\/336099686_174288431629405_2285172045042816778_n-1152x1536.jpg 1152w, https:\/\/artbyfink.dk\/wp-content\/uploads\/2023\/03\/336099686_174288431629405_2285172045042816778_n.jpg 1536w\" sizes=\"auto, (max-width: 768px) 100vw, 768px\" \/><\/figure>\n\n\n\n<figure class=\"wp-block-image size-large\"><img loading=\"lazy\" decoding=\"async\" width=\"768\" height=\"1024\" data-id=\"559\" src=\"https:\/\/artbyfink.dk\/wp-content\/uploads\/2023\/03\/336177640_521341156827242_8996093849217425320_n-768x1024.jpg\" alt=\"\" class=\"wp-image-559\" srcset=\"https:\/\/artbyfink.dk\/wp-content\/uploads\/2023\/03\/336177640_521341156827242_8996093849217425320_n-768x1024.jpg 768w, https:\/\/artbyfink.dk\/wp-content\/uploads\/2023\/03\/336177640_521341156827242_8996093849217425320_n-225x300.jpg 225w, https:\/\/artbyfink.dk\/wp-content\/uploads\/2023\/03\/336177640_521341156827242_8996093849217425320_n-1152x1536.jpg 1152w, https:\/\/artbyfink.dk\/wp-content\/uploads\/2023\/03\/336177640_521341156827242_8996093849217425320_n.jpg 1536w\" sizes=\"auto, (max-width: 768px) 100vw, 768px\" \/><\/figure>\n\n\n\n<figure class=\"wp-block-image size-large\"><img loading=\"lazy\" decoding=\"async\" width=\"768\" height=\"1024\" data-id=\"560\" src=\"https:\/\/artbyfink.dk\/wp-content\/uploads\/2023\/03\/336187079_2438494386308354_6748321434681046772_n-768x1024.jpg\" alt=\"\" class=\"wp-image-560\" srcset=\"https:\/\/artbyfink.dk\/wp-content\/uploads\/2023\/03\/336187079_2438494386308354_6748321434681046772_n-768x1024.jpg 768w, https:\/\/artbyfink.dk\/wp-content\/uploads\/2023\/03\/336187079_2438494386308354_6748321434681046772_n-225x300.jpg 225w, https:\/\/artbyfink.dk\/wp-content\/uploads\/2023\/03\/336187079_2438494386308354_6748321434681046772_n-1152x1536.jpg 1152w, https:\/\/artbyfink.dk\/wp-content\/uploads\/2023\/03\/336187079_2438494386308354_6748321434681046772_n.jpg 1536w\" sizes=\"auto, (max-width: 768px) 100vw, 768px\" \/><\/figure>\n\n\n\n<figure class=\"wp-block-image size-large\"><img loading=\"lazy\" decoding=\"async\" width=\"887\" height=\"1024\" data-id=\"561\" src=\"https:\/\/artbyfink.dk\/wp-content\/uploads\/2023\/03\/336190016_2173497426373364_8073284334751955608_n-1-887x1024.jpg\" alt=\"\" class=\"wp-image-561\" srcset=\"https:\/\/artbyfink.dk\/wp-content\/uploads\/2023\/03\/336190016_2173497426373364_8073284334751955608_n-1-887x1024.jpg 887w, https:\/\/artbyfink.dk\/wp-content\/uploads\/2023\/03\/336190016_2173497426373364_8073284334751955608_n-1-260x300.jpg 260w, https:\/\/artbyfink.dk\/wp-content\/uploads\/2023\/03\/336190016_2173497426373364_8073284334751955608_n-1-768x887.jpg 768w, https:\/\/artbyfink.dk\/wp-content\/uploads\/2023\/03\/336190016_2173497426373364_8073284334751955608_n-1-1331x1536.jpg 1331w, https:\/\/artbyfink.dk\/wp-content\/uploads\/2023\/03\/336190016_2173497426373364_8073284334751955608_n-1.jpg 1774w\" sizes=\"auto, (max-width: 887px) 100vw, 887px\" \/><\/figure>\n\n\n\n<figure class=\"wp-block-image size-large\"><img loading=\"lazy\" decoding=\"async\" width=\"768\" height=\"1024\" data-id=\"563\" src=\"https:\/\/artbyfink.dk\/wp-content\/uploads\/2023\/03\/336209311_783643036496069_5824939729045448234_n-768x1024.jpg\" alt=\"\" class=\"wp-image-563\" srcset=\"https:\/\/artbyfink.dk\/wp-content\/uploads\/2023\/03\/336209311_783643036496069_5824939729045448234_n-768x1024.jpg 768w, https:\/\/artbyfink.dk\/wp-content\/uploads\/2023\/03\/336209311_783643036496069_5824939729045448234_n-225x300.jpg 225w, https:\/\/artbyfink.dk\/wp-content\/uploads\/2023\/03\/336209311_783643036496069_5824939729045448234_n-1152x1536.jpg 1152w, https:\/\/artbyfink.dk\/wp-content\/uploads\/2023\/03\/336209311_783643036496069_5824939729045448234_n.jpg 1536w\" sizes=\"auto, (max-width: 768px) 100vw, 768px\" \/><\/figure>\n\n\n\n<figure class=\"wp-block-image size-large\"><img loading=\"lazy\" decoding=\"async\" width=\"768\" height=\"1024\" data-id=\"564\" src=\"https:\/\/artbyfink.dk\/wp-content\/uploads\/2023\/03\/336249100_230158032731986_2618956801706165294_n-768x1024.jpg\" alt=\"\" class=\"wp-image-564\" srcset=\"https:\/\/artbyfink.dk\/wp-content\/uploads\/2023\/03\/336249100_230158032731986_2618956801706165294_n-768x1024.jpg 768w, https:\/\/artbyfink.dk\/wp-content\/uploads\/2023\/03\/336249100_230158032731986_2618956801706165294_n-225x300.jpg 225w, https:\/\/artbyfink.dk\/wp-content\/uploads\/2023\/03\/336249100_230158032731986_2618956801706165294_n-1152x1536.jpg 1152w, https:\/\/artbyfink.dk\/wp-content\/uploads\/2023\/03\/336249100_230158032731986_2618956801706165294_n.jpg 1536w\" sizes=\"auto, (max-width: 768px) 100vw, 768px\" \/><\/figure>\n\n\n\n<figure class=\"wp-block-image size-large\"><img loading=\"lazy\" decoding=\"async\" width=\"768\" height=\"1024\" data-id=\"565\" src=\"https:\/\/artbyfink.dk\/wp-content\/uploads\/2023\/03\/336304244_169996862112393_9210431183590214273_n-768x1024.jpg\" alt=\"\" class=\"wp-image-565\" srcset=\"https:\/\/artbyfink.dk\/wp-content\/uploads\/2023\/03\/336304244_169996862112393_9210431183590214273_n-768x1024.jpg 768w, https:\/\/artbyfink.dk\/wp-content\/uploads\/2023\/03\/336304244_169996862112393_9210431183590214273_n-225x300.jpg 225w, https:\/\/artbyfink.dk\/wp-content\/uploads\/2023\/03\/336304244_169996862112393_9210431183590214273_n-1152x1536.jpg 1152w, https:\/\/artbyfink.dk\/wp-content\/uploads\/2023\/03\/336304244_169996862112393_9210431183590214273_n.jpg 1536w\" sizes=\"auto, (max-width: 768px) 100vw, 768px\" \/><\/figure>\n\n\n\n<figure class=\"wp-block-image size-large\"><img loading=\"lazy\" decoding=\"async\" width=\"768\" height=\"1024\" data-id=\"566\" src=\"https:\/\/artbyfink.dk\/wp-content\/uploads\/2023\/03\/336360006_965799274577908_1040969247277083771_n-768x1024.jpg\" alt=\"\" class=\"wp-image-566\" srcset=\"https:\/\/artbyfink.dk\/wp-content\/uploads\/2023\/03\/336360006_965799274577908_1040969247277083771_n-768x1024.jpg 768w, https:\/\/artbyfink.dk\/wp-content\/uploads\/2023\/03\/336360006_965799274577908_1040969247277083771_n-225x300.jpg 225w, https:\/\/artbyfink.dk\/wp-content\/uploads\/2023\/03\/336360006_965799274577908_1040969247277083771_n-1152x1536.jpg 1152w, https:\/\/artbyfink.dk\/wp-content\/uploads\/2023\/03\/336360006_965799274577908_1040969247277083771_n.jpg 1536w\" sizes=\"auto, (max-width: 768px) 100vw, 768px\" \/><\/figure>\n\n\n\n<figure class=\"wp-block-image size-large\"><img loading=\"lazy\" decoding=\"async\" width=\"768\" height=\"1024\" data-id=\"567\" src=\"https:\/\/artbyfink.dk\/wp-content\/uploads\/2023\/03\/336377522_930567437962681_2714628572738495584_n-768x1024.jpg\" alt=\"\" class=\"wp-image-567\" srcset=\"https:\/\/artbyfink.dk\/wp-content\/uploads\/2023\/03\/336377522_930567437962681_2714628572738495584_n-768x1024.jpg 768w, https:\/\/artbyfink.dk\/wp-content\/uploads\/2023\/03\/336377522_930567437962681_2714628572738495584_n-225x300.jpg 225w, https:\/\/artbyfink.dk\/wp-content\/uploads\/2023\/03\/336377522_930567437962681_2714628572738495584_n-1152x1536.jpg 1152w, https:\/\/artbyfink.dk\/wp-content\/uploads\/2023\/03\/336377522_930567437962681_2714628572738495584_n.jpg 1536w\" sizes=\"auto, (max-width: 768px) 100vw, 768px\" \/><\/figure>\n\n\n\n<figure class=\"wp-block-image size-large\"><img loading=\"lazy\" decoding=\"async\" width=\"768\" height=\"1024\" data-id=\"568\" src=\"https:\/\/artbyfink.dk\/wp-content\/uploads\/2023\/03\/336397664_1328649291045939_8402979455759351139_n-768x1024.jpg\" alt=\"\" class=\"wp-image-568\" srcset=\"https:\/\/artbyfink.dk\/wp-content\/uploads\/2023\/03\/336397664_1328649291045939_8402979455759351139_n-768x1024.jpg 768w, https:\/\/artbyfink.dk\/wp-content\/uploads\/2023\/03\/336397664_1328649291045939_8402979455759351139_n-225x300.jpg 225w, https:\/\/artbyfink.dk\/wp-content\/uploads\/2023\/03\/336397664_1328649291045939_8402979455759351139_n-1152x1536.jpg 1152w, https:\/\/artbyfink.dk\/wp-content\/uploads\/2023\/03\/336397664_1328649291045939_8402979455759351139_n.jpg 1536w\" sizes=\"auto, (max-width: 768px) 100vw, 768px\" \/><\/figure>\n<\/figure>\n\n\n\n<figure class=\"wp-block-image size-full\"><img loading=\"lazy\" decoding=\"async\" width=\"1500\" height=\"2000\" src=\"https:\/\/artbyfink.dk\/wp-content\/uploads\/2023\/09\/IMG_2595.jpg\" alt=\"\" class=\"wp-image-695\" srcset=\"https:\/\/artbyfink.dk\/wp-content\/uploads\/2023\/09\/IMG_2595.jpg 1500w, https:\/\/artbyfink.dk\/wp-content\/uploads\/2023\/09\/IMG_2595-225x300.jpg 225w, https:\/\/artbyfink.dk\/wp-content\/uploads\/2023\/09\/IMG_2595-768x1024.jpg 768w, https:\/\/artbyfink.dk\/wp-content\/uploads\/2023\/09\/IMG_2595-1152x1536.jpg 1152w\" sizes=\"auto, (max-width: 1500px) 100vw, 1500px\" \/><\/figure>\n","protected":false},"excerpt":{"rendered":"<p>UDSTILLINGERKALENDEREN Udstillinger (uddrag) Kunstforeningen S\u00f8nderhaldKulturhuset, RandersHellig\u00e5ndshuset, RandersGuden\u00e5centret, RandersGalleri Grevelsgaard, FausingCencurfri, RandersKulturperronen, AuningGl. Estrup slot, AuningKunstmesse \u00c5rsRanders KunsthusRAW \u2013 Randers Art Week Har medvirket i: Tv program kaldet \u201d Hallo Norden\u201d et nordisk program om kunstnere i norden G\u00e6stekunstner i \u00d8stjyllands TV Silkeborg tv har lavet 2 programmer om hendes kunst kaldet \u201dDet gyldne snit\u201d Anne-Marie [&hellip;]<\/p>\n","protected":false},"author":1,"featured_media":0,"parent":0,"menu_order":0,"comment_status":"closed","ping_status":"closed","template":"","meta":{"_genesis_hide_title":false,"_genesis_hide_breadcrumbs":false,"_genesis_hide_singular_image":false,"_genesis_hide_footer_widgets":false,"_genesis_custom_body_class":"","_genesis_custom_post_class":"","_genesis_layout":"full-width-content","footnotes":""},"class_list":{"0":"post-144","1":"page","2":"type-page","3":"status-publish","5":"entry"},"_links":{"self":[{"href":"https:\/\/artbyfink.dk\/index.php\/wp-json\/wp\/v2\/pages\/144","targetHints":{"allow":["GET"]}}],"collection":[{"href":"https:\/\/artbyfink.dk\/index.php\/wp-json\/wp\/v2\/pages"}],"about":[{"href":"https:\/\/artbyfink.dk\/index.php\/wp-json\/wp\/v2\/types\/page"}],"author":[{"embeddable":true,"href":"https:\/\/artbyfink.dk\/index.php\/wp-json\/wp\/v2\/users\/1"}],"replies":[{"embeddable":true,"href":"https:\/\/artbyfink.dk\/index.php\/wp-json\/wp\/v2\/comments?post=144"}],"version-history":[{"count":11,"href":"https:\/\/artbyfink.dk\/index.php\/wp-json\/wp\/v2\/pages\/144\/revisions"}],"predecessor-version":[{"id":897,"href":"https:\/\/artbyfink.dk\/index.php\/wp-json\/wp\/v2\/pages\/144\/revisions\/897"}],"wp:attachment":[{"href":"https:\/\/artbyfink.dk\/index.php\/wp-json\/wp\/v2\/media?parent=144"}],"curies":[{"name":"wp","href":"https:\/\/api.w.org\/{rel}","templated":true}]}}